{"id":102,"date":"2023-08-05T13:25:32","date_gmt":"2023-08-05T11:25:32","guid":{"rendered":"http:\/\/herr-aermel.de\/?page_id=102"},"modified":"2024-01-03T15:48:41","modified_gmt":"2024-01-03T14:48:41","slug":"impressum","status":"publish","type":"page","link":"https:\/\/herr-aermel.de\/?page_id=102","title":{"rendered":"Impressum"},"content":{"rendered":"<p><span style=\"color: #ffffff;\">Ragnar Gischas<\/span><br \/>\n<span style=\"color: #ffffff;\">Brinkstrasse 128<\/span><br \/>\n<span style=\"color: #ffffff;\">49080 Osnabr\u00fcck<\/span><br \/>\n<span style=\"color: #ffffff;\">01795987345<\/span><\/p>\n<p><span style=\"color: #ffffff;\"><a style=\"color: #ffffff;\" href=\"mailto:info@herr-aermel.de\" target=\"_blank\" rel=\"noopener\">info@herr-aermel.de<\/a><\/span><\/p>\n<p><span style=\"color: #ffffff;\"><a style=\"color: #ffffff;\" href=\"http:\/\/herr-aermel.de\/\" target=\"_blank\" rel=\"noopener\">www.herr-aermel.de<\/a><\/span><\/p>\n<p><span style=\"color: #ffffff;\">Verantwortlich f\u00fcr die Inhalte der Webseite von <\/span><br \/>\n<span style=\"color: #ffffff;\">Ragnar Gischas im Sinne des Teledienstegesetzes und redaktionelle Betreuung (V.i.S.d.P.)<\/span><\/p>\n<p><span style=\"color: #ffffff;\">Gestaltung: Wolfgang Schmidt.<\/span><\/p>\n<p><span style=\"color: #ffffff;\">Disclaimer<\/span><\/p>\n<p><span style=\"color: #ffffff;\">1. Haftungsbeschr\u00e4nkung<\/span><\/p>\n<p><span style=\"color: #ffffff;\">Verantwortlich f\u00fcr dieses Informationsangebot ist der Herausgeber. Die Informationen auf dieser Website wurden mit gro\u00dfer Sorgfalt zusammengestellt. F\u00fcr die Richtigkeit und Vollst\u00e4ndigkeit kann gleichwohl keine Gew\u00e4hr \u00fcbernommen werden. Aus diesem Grund ist jegliche Haftung f\u00fcr eventuelle Sch\u00e4den im Zusammenhang mit der Nutzung des Informationsangebots ausgeschlossen. Druch die blo\u00dfe Nutzung dieser Website kommt keinerlei Vertragsverh\u00e4ltnis zwischen Nutzer und Anbieter\/Herausgeber zustande.<\/span><\/p>\n<p><span style=\"color: #ffffff;\">2. Hinweis zum Urheberrecht<\/span><\/p>\n<p><span style=\"color: #ffffff;\">Der gesamte Inhalt dieser Website unterliegt dem Urheberrecht. Unerlaubte Verwendung, Reproduktion oder Wiedergabe des Inhalts oder von Teilen des Inhalts ist untersagt. Wegen einer Erlaubnis zur Nutzung des Inhalts wenden Sie sich bitte an den Herausgeber.<\/span><\/p>\n<p><span style=\"color: #ffffff;\">3. Hinweis zu externen Links<\/span><\/p>\n<p><span style=\"color: #ffffff;\">Soweit von dieser Website auf andere Websites Links gelegt sind, wird darauf hingewiesen, dass keinerlei Einfluss auf die Gestaltung und die Inhalte der gelinkten Seiten besteht und sich deren Inhalt nicht zu eigen gemacht wird. Dies gilt f\u00fcr alle auf dieser Seite ausgebrachten, externen Links und f\u00fcr alle Inhalte der Seiten, zu denen Werbemittel (z.B. Banner, Textanzeigen, Videoanzeigen) f\u00fchren. F\u00fcr verlinkte Seiten gilt, dass rechtswidrige Inhalte zum Zeitpunkt der Verlinkung nicht erkennbar waren. Die Links werden regelm\u00e4\u00dfig auf rechtswidrige Inhalte \u00fcberpr\u00fcft und bei Rechtsverletzungen unverz\u00fcglich entfernt.<\/span><\/p>\n<p><span style=\"color: #ffffff;\">4. Datenschutz<\/span><\/p>\n<p><span style=\"color: #ffffff;\">siehe Datenschutzerkl\u00e4rung<\/span><\/p>\n","protected":false},"excerpt":{"rendered":"<p>Ragnar Gischas Brinkstrasse 128 49080 Osnabr\u00fcck 01795987345 info@herr-aermel.de www.herr-aermel.de Verantwortlich f\u00fcr die Inhalte der Webseite von Ragnar Gischas im Sinne des Teledienstegesetzes und redaktionelle Betreuung (V.i.S.d.P.) Gestaltung: Wolfgang Schmidt. Disclaimer<\/p>\n<p class=\"more-link\"><a href=\"https:\/\/herr-aermel.de\/?page_id=102\" class=\"readmore\">Continue reading&#8230;<span class=\"screen-reader-text\">Impressum<\/span><\/a><\/p>\n","protected":false},"author":1,"featured_media":0,"parent":0,"menu_order":0,"comment_status":"closed","ping_status":"closed","template":"","meta":{"footnotes":""},"class_list":["post-102","page","type-page","status-publish","hentry"],"yoast_head":"<!-- This site is optimized with the Yoast SEO plugin v21.5 - https:\/\/yoast.com\/wordpress\/plugins\/seo\/ -->\n<title>Impressum - herr \u00e4rmel<\/title>\n<meta name=\"robots\" content=\"index, follow, max-snippet:-1, max-image-preview:large, max-video-preview:-1\" \/>\n<link rel=\"canonical\" href=\"https:\/\/herr-aermel.de\/?page_id=102\" \/>\n<meta property=\"og:locale\" content=\"de_DE\" \/>\n<meta property=\"og:type\" content=\"article\" \/>\n<meta property=\"og:title\" content=\"Impressum - herr \u00e4rmel\" \/>\n<meta property=\"og:description\" content=\"Ragnar Gischas Brinkstrasse 128 49080 Osnabr\u00fcck 01795987345 info@herr-aermel.de www.herr-aermel.de Verantwortlich f\u00fcr die Inhalte der Webseite von Ragnar Gischas im Sinne des Teledienstegesetzes und redaktionelle Betreuung (V.i.S.d.P.) Gestaltung: Wolfgang Schmidt. DisclaimerContinue reading...Impressum\" \/>\n<meta property=\"og:url\" content=\"https:\/\/herr-aermel.de\/?page_id=102\" \/>\n<meta property=\"og:site_name\" content=\"herr \u00e4rmel\" \/>\n<meta property=\"article:publisher\" content=\"https:\/\/www.facebook.com\/ragnar.gischas\" \/>\n<meta property=\"article:modified_time\" content=\"2024-01-03T14:48:41+00:00\" \/>\n<meta name=\"twitter:card\" content=\"summary_large_image\" \/>\n<meta name=\"twitter:label1\" content=\"Gesch\u00e4tzte Lesezeit\" \/>\n\t<meta name=\"twitter:data1\" content=\"2\u00a0Minuten\" \/>\n<script type=\"application\/ld+json\" class=\"yoast-schema-graph\">{\"@context\":\"https:\/\/schema.org\",\"@graph\":[{\"@type\":\"WebPage\",\"@id\":\"https:\/\/herr-aermel.de\/?page_id=102\",\"url\":\"https:\/\/herr-aermel.de\/?page_id=102\",\"name\":\"Impressum - herr \u00e4rmel\",\"isPartOf\":{\"@id\":\"https:\/\/herr-aermel.de\/#website\"},\"datePublished\":\"2023-08-05T11:25:32+00:00\",\"dateModified\":\"2024-01-03T14:48:41+00:00\",\"breadcrumb\":{\"@id\":\"https:\/\/herr-aermel.de\/?page_id=102#breadcrumb\"},\"inLanguage\":\"de\",\"potentialAction\":[{\"@type\":\"ReadAction\",\"target\":[\"https:\/\/herr-aermel.de\/?page_id=102\"]}]},{\"@type\":\"BreadcrumbList\",\"@id\":\"https:\/\/herr-aermel.de\/?page_id=102#breadcrumb\",\"itemListElement\":[{\"@type\":\"ListItem\",\"position\":1,\"name\":\"Home\",\"item\":\"http:\/\/herr-aermel.de\/\"},{\"@type\":\"ListItem\",\"position\":2,\"name\":\"Impressum\"}]},{\"@type\":\"WebSite\",\"@id\":\"https:\/\/herr-aermel.de\/#website\",\"url\":\"https:\/\/herr-aermel.de\/\",\"name\":\"herr \u00e4rmel\",\"description\":\"atelier f\u00fcr fotografie und mehr...\",\"publisher\":{\"@id\":\"https:\/\/herr-aermel.de\/#organization\"},\"potentialAction\":[{\"@type\":\"SearchAction\",\"target\":{\"@type\":\"EntryPoint\",\"urlTemplate\":\"https:\/\/herr-aermel.de\/?s={search_term_string}\"},\"query-input\":\"required name=search_term_string\"}],\"inLanguage\":\"de\"},{\"@type\":\"Organization\",\"@id\":\"https:\/\/herr-aermel.de\/#organization\",\"name\":\"herr \u00e4rmel\",\"url\":\"https:\/\/herr-aermel.de\/\",\"logo\":{\"@type\":\"ImageObject\",\"inLanguage\":\"de\",\"@id\":\"https:\/\/herr-aermel.de\/#\/schema\/logo\/image\/\",\"url\":\"https:\/\/herr-aermel.de\/wp-content\/uploads\/2023\/11\/logo_aermel_2.jpg\",\"contentUrl\":\"https:\/\/herr-aermel.de\/wp-content\/uploads\/2023\/11\/logo_aermel_2.jpg\",\"width\":150,\"height\":150,\"caption\":\"herr \u00e4rmel\"},\"image\":{\"@id\":\"https:\/\/herr-aermel.de\/#\/schema\/logo\/image\/\"},\"sameAs\":[\"https:\/\/www.facebook.com\/ragnar.gischas\",\"https:\/\/www.instagram.com\/ragnargischas\/\"]}]}<\/script>\n<!-- \/ Yoast SEO plugin. -->","yoast_head_json":{"title":"Impressum - herr \u00e4rmel","robots":{"index":"index","follow":"follow","max-snippet":"max-snippet:-1","max-image-preview":"max-image-preview:large","max-video-preview":"max-video-preview:-1"},"canonical":"https:\/\/herr-aermel.de\/?page_id=102","og_locale":"de_DE","og_type":"article","og_title":"Impressum - herr \u00e4rmel","og_description":"Ragnar Gischas Brinkstrasse 128 49080 Osnabr\u00fcck 01795987345 info@herr-aermel.de www.herr-aermel.de Verantwortlich f\u00fcr die Inhalte der Webseite von Ragnar Gischas im Sinne des Teledienstegesetzes und redaktionelle Betreuung (V.i.S.d.P.) Gestaltung: Wolfgang Schmidt. DisclaimerContinue reading...Impressum","og_url":"https:\/\/herr-aermel.de\/?page_id=102","og_site_name":"herr \u00e4rmel","article_publisher":"https:\/\/www.facebook.com\/ragnar.gischas","article_modified_time":"2024-01-03T14:48:41+00:00","twitter_card":"summary_large_image","twitter_misc":{"Gesch\u00e4tzte Lesezeit":"2\u00a0Minuten"},"schema":{"@context":"https:\/\/schema.org","@graph":[{"@type":"WebPage","@id":"https:\/\/herr-aermel.de\/?page_id=102","url":"https:\/\/herr-aermel.de\/?page_id=102","name":"Impressum - herr \u00e4rmel","isPartOf":{"@id":"https:\/\/herr-aermel.de\/#website"},"datePublished":"2023-08-05T11:25:32+00:00","dateModified":"2024-01-03T14:48:41+00:00","breadcrumb":{"@id":"https:\/\/herr-aermel.de\/?page_id=102#breadcrumb"},"inLanguage":"de","potentialAction":[{"@type":"ReadAction","target":["https:\/\/herr-aermel.de\/?page_id=102"]}]},{"@type":"BreadcrumbList","@id":"https:\/\/herr-aermel.de\/?page_id=102#breadcrumb","itemListElement":[{"@type":"ListItem","position":1,"name":"Home","item":"http:\/\/herr-aermel.de\/"},{"@type":"ListItem","position":2,"name":"Impressum"}]},{"@type":"WebSite","@id":"https:\/\/herr-aermel.de\/#website","url":"https:\/\/herr-aermel.de\/","name":"herr \u00e4rmel","description":"atelier f\u00fcr fotografie und mehr...","publisher":{"@id":"https:\/\/herr-aermel.de\/#organization"},"potentialAction":[{"@type":"SearchAction","target":{"@type":"EntryPoint","urlTemplate":"https:\/\/herr-aermel.de\/?s={search_term_string}"},"query-input":"required name=search_term_string"}],"inLanguage":"de"},{"@type":"Organization","@id":"https:\/\/herr-aermel.de\/#organization","name":"herr \u00e4rmel","url":"https:\/\/herr-aermel.de\/","logo":{"@type":"ImageObject","inLanguage":"de","@id":"https:\/\/herr-aermel.de\/#\/schema\/logo\/image\/","url":"https:\/\/herr-aermel.de\/wp-content\/uploads\/2023\/11\/logo_aermel_2.jpg","contentUrl":"https:\/\/herr-aermel.de\/wp-content\/uploads\/2023\/11\/logo_aermel_2.jpg","width":150,"height":150,"caption":"herr \u00e4rmel"},"image":{"@id":"https:\/\/herr-aermel.de\/#\/schema\/logo\/image\/"},"sameAs":["https:\/\/www.facebook.com\/ragnar.gischas","https:\/\/www.instagram.com\/ragnargischas\/"]}]}},"_links":{"self":[{"href":"https:\/\/herr-aermel.de\/index.php?rest_route=\/wp\/v2\/pages\/102","targetHints":{"allow":["GET"]}}],"collection":[{"href":"https:\/\/herr-aermel.de\/index.php?rest_route=\/wp\/v2\/pages"}],"about":[{"href":"https:\/\/herr-aermel.de\/index.php?rest_route=\/wp\/v2\/types\/page"}],"author":[{"embeddable":true,"href":"https:\/\/herr-aermel.de\/index.php?rest_route=\/wp\/v2\/users\/1"}],"replies":[{"embeddable":true,"href":"https:\/\/herr-aermel.de\/index.php?rest_route=%2Fwp%2Fv2%2Fcomments&post=102"}],"version-history":[{"count":10,"href":"https:\/\/herr-aermel.de\/index.php?rest_route=\/wp\/v2\/pages\/102\/revisions"}],"predecessor-version":[{"id":191,"href":"https:\/\/herr-aermel.de\/index.php?rest_route=\/wp\/v2\/pages\/102\/revisions\/191"}],"wp:attachment":[{"href":"https:\/\/herr-aermel.de\/index.php?rest_route=%2Fwp%2Fv2%2Fmedia&parent=102"}],"curies":[{"name":"wp","href":"https:\/\/api.w.org\/{rel}","templated":true}]}}