{"id":393,"date":"2023-11-16T16:12:20","date_gmt":"2023-11-16T15:12:20","guid":{"rendered":"http:\/\/herr-aermel.de\/?page_id=393"},"modified":"2023-11-16T16:28:30","modified_gmt":"2023-11-16T15:28:30","slug":"home","status":"publish","type":"page","link":"http:\/\/herr-aermel.de\/","title":{"rendered":"Home"},"content":{"rendered":"<p><img loading=\"lazy\" decoding=\"async\" class=\"alignnone size-full wp-image-390\" src=\"http:\/\/herr-aermel.de\/wp-content\/uploads\/2023\/11\/Startseitenbild.jpg\" alt=\"\" width=\"1024\" height=\"1024\" srcset=\"https:\/\/herr-aermel.de\/wp-content\/uploads\/2023\/11\/Startseitenbild.jpg 1024w, https:\/\/herr-aermel.de\/wp-content\/uploads\/2023\/11\/Startseitenbild-300x300.jpg 300w, https:\/\/herr-aermel.de\/wp-content\/uploads\/2023\/11\/Startseitenbild-150x150.jpg 150w, https:\/\/herr-aermel.de\/wp-content\/uploads\/2023\/11\/Startseitenbild-768x768.jpg 768w, https:\/\/herr-aermel.de\/wp-content\/uploads\/2023\/11\/Startseitenbild-50x50.jpg 50w\" sizes=\"auto, (max-width: 1024px) 100vw, 1024px\" \/><\/p>\n<p><span style=\"font-size: medium; color: #ffffff;\"><b>Am Anfang stand die Idee&#8230;..dann kam der Laden !<\/b><\/span><\/p>\n<p><span style=\"color: #ffffff;\">\u201e<span style=\"font-size: medium;\"><b>Herr \u00c4rmel\u201c vereint meine langj\u00e4hrige Arbeit als Fotok\u00fcnstler Ragnar Gischas, <\/b><\/span><span style=\"font-size: medium;\"><b>meine Freude am Verkauf sch\u00f6ner Dinge und meine Arbeit als Auftragsfotograf in einem stilvollen Ladenatelier.<\/b><\/span><\/span><\/p>\n<p><span style=\"font-size: medium; color: #ffffff;\"><b>Mit diesem Projekt erf\u00fcllt sich nun ein jahrzehntealter Traum.<br \/>\nZum einen das Arbeiten in absoluter Wohlf\u00fchlatmosph\u00e4re und zum anderen die Kombination der Dinge , die mich begeistern.<\/b><\/span><\/p>\n<p><span style=\"color: #ffffff;\">\u2026<span style=\"font-size: medium;\"><b>.und Du bist jerzlich eingeladen daran teilzuhaben und Sch\u00f6nes f\u00fcr Dich zu entdeckem.<\/b><\/span><\/span><\/p>\n","protected":false},"excerpt":{"rendered":"<p>Am Anfang stand die Idee&#8230;..dann kam der Laden ! \u201eHerr \u00c4rmel\u201c vereint meine langj\u00e4hrige Arbeit als Fotok\u00fcnstler Ragnar Gischas, meine Freude am Verkauf sch\u00f6ner Dinge und meine Arbeit als Auftragsfotograf<\/p>\n<p class=\"more-link\"><a href=\"http:\/\/herr-aermel.de\/\" class=\"readmore\">Continue reading&#8230;<span class=\"screen-reader-text\">Home<\/span><\/a><\/p>\n","protected":false},"author":1,"featured_media":0,"parent":0,"menu_order":0,"comment_status":"closed","ping_status":"closed","template":"","meta":{"footnotes":""},"class_list":["post-393","page","type-page","status-publish","hentry"],"yoast_head":"<!-- This site is optimized with the Yoast SEO plugin v21.5 - https:\/\/yoast.com\/wordpress\/plugins\/seo\/ -->\n<title>Home - herr \u00e4rmel<\/title>\n<meta name=\"robots\" content=\"index, follow, max-snippet:-1, max-image-preview:large, max-video-preview:-1\" \/>\n<link rel=\"canonical\" href=\"http:\/\/herr-aermel.de\/\" \/>\n<meta property=\"og:locale\" content=\"de_DE\" \/>\n<meta property=\"og:type\" content=\"article\" \/>\n<meta property=\"og:title\" content=\"Home - herr \u00e4rmel\" \/>\n<meta property=\"og:description\" content=\"Am Anfang stand die Idee&#8230;..dann kam der Laden ! \u201eHerr \u00c4rmel\u201c vereint meine langj\u00e4hrige Arbeit als Fotok\u00fcnstler Ragnar Gischas, meine Freude am Verkauf sch\u00f6ner Dinge und meine Arbeit als AuftragsfotografContinue reading...Home\" \/>\n<meta property=\"og:url\" content=\"http:\/\/herr-aermel.de\/\" \/>\n<meta property=\"og:site_name\" content=\"herr \u00e4rmel\" \/>\n<meta property=\"article:publisher\" content=\"https:\/\/www.facebook.com\/ragnar.gischas\" \/>\n<meta property=\"article:modified_time\" content=\"2023-11-16T15:28:30+00:00\" \/>\n<meta property=\"og:image\" content=\"http:\/\/herr-aermel.de\/wp-content\/uploads\/2023\/11\/Startseitenbild.jpg\" \/>\n<meta name=\"twitter:card\" content=\"summary_large_image\" \/>\n<script type=\"application\/ld+json\" class=\"yoast-schema-graph\">{\"@context\":\"https:\/\/schema.org\",\"@graph\":[{\"@type\":\"WebPage\",\"@id\":\"http:\/\/herr-aermel.de\/\",\"url\":\"http:\/\/herr-aermel.de\/\",\"name\":\"Home - herr \u00e4rmel\",\"isPartOf\":{\"@id\":\"https:\/\/herr-aermel.de\/#website\"},\"datePublished\":\"2023-11-16T15:12:20+00:00\",\"dateModified\":\"2023-11-16T15:28:30+00:00\",\"breadcrumb\":{\"@id\":\"http:\/\/herr-aermel.de\/#breadcrumb\"},\"inLanguage\":\"de\",\"potentialAction\":[{\"@type\":\"ReadAction\",\"target\":[\"http:\/\/herr-aermel.de\/\"]}]},{\"@type\":\"BreadcrumbList\",\"@id\":\"http:\/\/herr-aermel.de\/#breadcrumb\",\"itemListElement\":[{\"@type\":\"ListItem\",\"position\":1,\"name\":\"Home\",\"item\":\"http:\/\/herr-aermel.de\/\"},{\"@type\":\"ListItem\",\"position\":2,\"name\":\"Home\"}]},{\"@type\":\"WebSite\",\"@id\":\"https:\/\/herr-aermel.de\/#website\",\"url\":\"https:\/\/herr-aermel.de\/\",\"name\":\"herr \u00e4rmel\",\"description\":\"atelier f\u00fcr fotografie und mehr...\",\"publisher\":{\"@id\":\"https:\/\/herr-aermel.de\/#organization\"},\"potentialAction\":[{\"@type\":\"SearchAction\",\"target\":{\"@type\":\"EntryPoint\",\"urlTemplate\":\"https:\/\/herr-aermel.de\/?s={search_term_string}\"},\"query-input\":\"required name=search_term_string\"}],\"inLanguage\":\"de\"},{\"@type\":\"Organization\",\"@id\":\"https:\/\/herr-aermel.de\/#organization\",\"name\":\"herr \u00e4rmel\",\"url\":\"https:\/\/herr-aermel.de\/\",\"logo\":{\"@type\":\"ImageObject\",\"inLanguage\":\"de\",\"@id\":\"https:\/\/herr-aermel.de\/#\/schema\/logo\/image\/\",\"url\":\"https:\/\/herr-aermel.de\/wp-content\/uploads\/2023\/11\/logo_aermel_2.jpg\",\"contentUrl\":\"https:\/\/herr-aermel.de\/wp-content\/uploads\/2023\/11\/logo_aermel_2.jpg\",\"width\":150,\"height\":150,\"caption\":\"herr \u00e4rmel\"},\"image\":{\"@id\":\"https:\/\/herr-aermel.de\/#\/schema\/logo\/image\/\"},\"sameAs\":[\"https:\/\/www.facebook.com\/ragnar.gischas\",\"https:\/\/www.instagram.com\/ragnargischas\/\"]}]}<\/script>\n<!-- \/ Yoast SEO plugin. -->","yoast_head_json":{"title":"Home - herr \u00e4rmel","robots":{"index":"index","follow":"follow","max-snippet":"max-snippet:-1","max-image-preview":"max-image-preview:large","max-video-preview":"max-video-preview:-1"},"canonical":"http:\/\/herr-aermel.de\/","og_locale":"de_DE","og_type":"article","og_title":"Home - herr \u00e4rmel","og_description":"Am Anfang stand die Idee&#8230;..dann kam der Laden ! \u201eHerr \u00c4rmel\u201c vereint meine langj\u00e4hrige Arbeit als Fotok\u00fcnstler Ragnar Gischas, meine Freude am Verkauf sch\u00f6ner Dinge und meine Arbeit als AuftragsfotografContinue reading...Home","og_url":"http:\/\/herr-aermel.de\/","og_site_name":"herr \u00e4rmel","article_publisher":"https:\/\/www.facebook.com\/ragnar.gischas","article_modified_time":"2023-11-16T15:28:30+00:00","og_image":[{"url":"http:\/\/herr-aermel.de\/wp-content\/uploads\/2023\/11\/Startseitenbild.jpg"}],"twitter_card":"summary_large_image","schema":{"@context":"https:\/\/schema.org","@graph":[{"@type":"WebPage","@id":"http:\/\/herr-aermel.de\/","url":"http:\/\/herr-aermel.de\/","name":"Home - herr \u00e4rmel","isPartOf":{"@id":"https:\/\/herr-aermel.de\/#website"},"datePublished":"2023-11-16T15:12:20+00:00","dateModified":"2023-11-16T15:28:30+00:00","breadcrumb":{"@id":"http:\/\/herr-aermel.de\/#breadcrumb"},"inLanguage":"de","potentialAction":[{"@type":"ReadAction","target":["http:\/\/herr-aermel.de\/"]}]},{"@type":"BreadcrumbList","@id":"http:\/\/herr-aermel.de\/#breadcrumb","itemListElement":[{"@type":"ListItem","position":1,"name":"Home","item":"http:\/\/herr-aermel.de\/"},{"@type":"ListItem","position":2,"name":"Home"}]},{"@type":"WebSite","@id":"https:\/\/herr-aermel.de\/#website","url":"https:\/\/herr-aermel.de\/","name":"herr \u00e4rmel","description":"atelier f\u00fcr fotografie und mehr...","publisher":{"@id":"https:\/\/herr-aermel.de\/#organization"},"potentialAction":[{"@type":"SearchAction","target":{"@type":"EntryPoint","urlTemplate":"https:\/\/herr-aermel.de\/?s={search_term_string}"},"query-input":"required name=search_term_string"}],"inLanguage":"de"},{"@type":"Organization","@id":"https:\/\/herr-aermel.de\/#organization","name":"herr \u00e4rmel","url":"https:\/\/herr-aermel.de\/","logo":{"@type":"ImageObject","inLanguage":"de","@id":"https:\/\/herr-aermel.de\/#\/schema\/logo\/image\/","url":"https:\/\/herr-aermel.de\/wp-content\/uploads\/2023\/11\/logo_aermel_2.jpg","contentUrl":"https:\/\/herr-aermel.de\/wp-content\/uploads\/2023\/11\/logo_aermel_2.jpg","width":150,"height":150,"caption":"herr \u00e4rmel"},"image":{"@id":"https:\/\/herr-aermel.de\/#\/schema\/logo\/image\/"},"sameAs":["https:\/\/www.facebook.com\/ragnar.gischas","https:\/\/www.instagram.com\/ragnargischas\/"]}]}},"_links":{"self":[{"href":"https:\/\/herr-aermel.de\/index.php?rest_route=\/wp\/v2\/pages\/393","targetHints":{"allow":["GET"]}}],"collection":[{"href":"https:\/\/herr-aermel.de\/index.php?rest_route=\/wp\/v2\/pages"}],"about":[{"href":"https:\/\/herr-aermel.de\/index.php?rest_route=\/wp\/v2\/types\/page"}],"author":[{"embeddable":true,"href":"https:\/\/herr-aermel.de\/index.php?rest_route=\/wp\/v2\/users\/1"}],"replies":[{"embeddable":true,"href":"https:\/\/herr-aermel.de\/index.php?rest_route=%2Fwp%2Fv2%2Fcomments&post=393"}],"version-history":[{"count":6,"href":"https:\/\/herr-aermel.de\/index.php?rest_route=\/wp\/v2\/pages\/393\/revisions"}],"predecessor-version":[{"id":405,"href":"https:\/\/herr-aermel.de\/index.php?rest_route=\/wp\/v2\/pages\/393\/revisions\/405"}],"wp:attachment":[{"href":"https:\/\/herr-aermel.de\/index.php?rest_route=%2Fwp%2Fv2%2Fmedia&parent=393"}],"curies":[{"name":"wp","href":"https:\/\/api.w.org\/{rel}","templated":true}]}}