{"id":49,"date":"2023-08-03T16:11:31","date_gmt":"2023-08-03T14:11:31","guid":{"rendered":"http:\/\/herr-aermel.de\/?page_id=49"},"modified":"2023-08-05T14:15:31","modified_gmt":"2023-08-05T12:15:31","slug":"datenschutz","status":"publish","type":"page","link":"https:\/\/herr-aermel.de\/?page_id=49","title":{"rendered":"Datenschutz"},"content":{"rendered":"<p><span style=\"color: #ffffff;\">Datenschutzerkl\u00e4rung<\/span><br \/>\n<span style=\"color: #ffffff;\">Neben der Kunst liegt mir der Schutz Ihrer pers\u00f6nlichen Daten ebenfalls sehr am Herzen.<\/span><\/p>\n<p><span style=\"color: #ffffff;\">Selbstverst\u00e4ndlich beachte ich die gesetzlichen Bestimmungen des Datenschutzgesetzes (BDSG) und anderer datenschutzrechtlicher Bestimmungen.<\/span><\/p>\n<p><span style=\"color: #ffffff;\">Bei Ihren pers\u00f6nlichen Daten k\u00f6nnen Sie uns vertrauen!<\/span><br \/>\n<span style=\"color: #ffffff;\">Sie werden durch digitale Sicherheitssysteme verschl\u00fcsselt und an uns \u00fcbertragen.<\/span><\/p>\n<p><span style=\"color: #ffffff;\">Auskunft<\/span><\/p>\n<p><span style=\"color: #ffffff;\">Sie haben jederzeit ein Widerrufsrecht zu den uns erteilten Einwilligungen und das Recht, jederzeit Auskunft \u00fcber die bei uns gespeicherten Informationen zu erhalten. Die gespeicherten Daten k\u00f6nnen jederzeit gel\u00f6scht werden.<\/span><\/p>\n<p><span style=\"color: #ffffff;\">Datenl\u00f6schung<\/span><\/p>\n<p><span style=\"color: #ffffff;\">Die L\u00f6schung der \u00fcbermittelten Daten erfolgt unmittelbar bei Widerruf der Einwilligungserkl\u00e4rung. Dies gilt nicht, sofern gesetzliche Bestimmungen der L\u00f6schung entgegenstehen oder die weitere Speicherung zum Zwecke der Beweisf\u00fchrung erforderlich ist. Folgt auf Ihre Bewerbung der Abschluss eines Vertrages, so k\u00f6nnen Ihre Daten, zum Zwecke des \u00fcblichen Organisations- und Verwaltungsprozesses unter Beachtung der einschl\u00e4gigen rechtlichen Vorschriften, gespeichert und genutzt werden. Nat\u00fcrlich haben Sie jederzeit das Recht, Ihre Bewerbung zur\u00fcckzuziehen.<\/span><\/p>\n<p><span style=\"color: #ffffff;\">Ansprechpartner\/Datenschutzbeauftragter<\/span><\/p>\n<p><span style=\"color: #ffffff;\">Bei Fragen zur Erhebung, Verarbeitung oder Nutzung Ihrer personenbezogenen Daten, bei Ausk\u00fcnften, Berichtigung, Sperrung oder L\u00f6schung von Daten sowie Widerruf erteilter Einwilligungen wenden Sie sich bitte an: ego@ragnargischas.de<\/span><\/p>\n<p><span style=\"color: #ffffff;\">\u00c4nderung dieser Datenschutzerkl\u00e4rung<\/span><\/p>\n<p><span style=\"color: #ffffff;\">Aufgrund der rasanten Entwicklung des Internets und der Fortentwicklung der Rechtsprechung behalten wir uns es vor, diese Datenschutzerkl\u00e4rung jederzeit an technische und gesetzliche Anforderungen anzupassen. Dar\u00fcber hinaus weisen wir auch auf unsere Datenschutzbestimmungen f\u00fcr unsere Webseiten hin.<\/span><\/p>\n<p><span style=\"color: #ffffff;\">Dienste :<\/span><\/p>\n<p><span style=\"color: #ffffff;\">a) Google Adsense<\/span><\/p>\n<p><span style=\"color: #ffffff;\">Soweit Google Adsense, einen Webanzeigendienst der Google Inc., USA (\u201cGoogle\u201d), auf dieser Website Werbung (Textanzeigen, Banner etc.) schaltet, speichert Ihr Browser eventuell ein von Google Inc. oder Dritten gesendetes Cookie. Die in dem Cookie gespeicherten Informationen k\u00f6nnen durch Google Inc. oder auch Dritte aufgezeichnet, gesammelt und ausgewertet werden. Dar\u00fcber hinaus verwendet Google Adsense zur Sammlung von Informationen auch sog. \u201cWebBacons\u201d(kleine unsichtbare Grafiken), durch deren Verwendung einfache Aktionen wie der Besucherverkehr auf der Webseite aufgezeichnet, gesammelt und ausgewertet werden k\u00f6nnen. Die durch den Cookie und\/oder Web Bacon erzeugten Informationen \u00fcber Ihre Nutzung dieser Website werden an einen Server von Google in den USA \u00fcbertragen und dort gespeichert. Google benutzt die so erhaltenen Informationen, um eine Auswertung Ihres Nutzungsverhaltens im Hinblick auf die AdSense-Anzeigen durchzuf\u00fchren. Google wird diese Informationen gegebenenfalls auch an Dritte \u00fcbertragen, sofern dies gesetzlich vorgeschrieben ist oder soweit Dritte diese Daten im Auftrag von Google verarbeiten. Ihre IP-Adresse wird von Google nicht mit anderen von Google gespeicherten Daten in Verbindung gebracht. Sie k\u00f6nnen das Speichern von Cookies auf Ihrer Festplatte und die Anzeige von Web Bacons verhindern. Dazu m\u00fcssen Sie in Ihren Browser-Einstellungen \u201ckeine Cookies akzeptieren\u201d w\u00e4hlen (Im Internet-Explorer unter \u201cExtras \/ Internetoptionen \/ Datenschutz \/ Einstellung\u201d, bei Firefox unter \u201cExtras \/ Einstellungen \/ Datenschutz \/ Cookies\u201d).<\/span><\/p>\n<p><span style=\"color: #ffffff;\">b) Google Analytics<\/span><\/p>\n<p><span style=\"color: #ffffff;\">Diese Website benutzt Google Analytics, einen Webanalysedienst der Google Inc. (\u201eGoogle\u201c). Hierdurch werden Daten erhoben und gespeichert, aus denen unter Verwendung von Pseudonymen Nutzungsprofile erstellt werden. Diese Nutzungsprofile dienen der Analyse des Besucherverhaltens und werden zur Verbesserung und bedarfsgerechten Gestaltung unseres Angebotes ausgewertet.<\/span><\/p>\n<p><span style=\"color: #ffffff;\">Google Analytics verwendet sog. \u201eCookies\u201c, Textdateien, die auf Ihrem Computer gespeichert werden und die eine Analyse der Benutzung der Website durch Sie erm\u00f6glicht. Die durch den Cookie erzeugten Informationen \u00fcber Ihre Benutzung dieser Website (einschlie\u00dflich Teile Ihrer IP-Adresse) werden an einen Server von Google in den USA \u00fcbertragen und dort gespeichert. Google wird diese Informationen benutzen, um Ihre Nutzung der Website auszuwerten, um Reports \u00fcber die Websiteaktivit\u00e4ten f\u00fcr die Websitebetreiber zusammenzustellen und um weitere mit der Websitenutzung und der Internetnutzung verbundene Dienstleistungen zu erbringen. Auch wird Google diese Informationen gegebenenfalls an Dritte \u00fcbertragen, sofern dies gesetzlich vorgeschrieben ist oder soweit Dritte diese Daten im Auftrag von Google verarbeiten. Google wird in keinem Fall Ihre IP-Adresse mit anderen Daten der Google in Verbindung bringen. Auch wir werden die pseudonymisierten Nutzungsprofile ohne Ihre gesondert zu erteilende, ausdr\u00fcckliche Einwilligung nicht mit personenbezogenen Daten \u00fcber den Tr\u00e4ger des Pseudonyms zusammenf\u00fchren. Die Datenerfassung f\u00fcr die Nutzungsstatistik und \u00dcbertragung an Google findet mit dem erweiterten Code \u201egat._anonymizeIp();\u201c statt. Die Erfassung der IP-Adressen ist deshalb anonymisiert (sog. IP-Masking).<\/span><\/p>\n<p><span style=\"color: #ffffff;\">Der Datenerhebung, -nutzung und -speicherung zum Zwecke der Webanalyse k\u00f6nnen Sie jederzeit mit Wirkung f\u00fcr die Zukunft widersprechen, indem Sie die Installation der Cookies durch eine entsprechende Einstellung Ihrer Browser-Software verhindern; wir weisen Sie jedoch darauf hin, dass Sie in diesem Fall gegebenenfalls nicht s\u00e4mtliche Funktionen dieser Website vollumf\u00e4nglich nutzen k\u00f6nnen.<\/span><\/p>\n<p><span style=\"color: #ffffff;\">Daneben k\u00f6nnen Sie die Erfassung und Verarbeitung der Daten \u00fcber die Nutzung dieser Website (darin auch Teile Ihre IP-Adresse) durch Google verhindern, indem sie das verf\u00fcgbare Browser-Plugin unter dem folgenden Link herunterladen und installieren: tools.google.com\/dlpage\/gaoptout.<\/span><\/p>\n<p><span style=\"color: #ffffff;\">Verbiete Google Analytics, mich zu verfolgen<\/span><br \/>\n<span style=\"color: #ffffff;\">c) Sonstige Produkte und Dienste<\/span><\/p>\n<p><span style=\"color: #ffffff;\">Soweit diese Website Anzeigen schaltet, die unter Punkt 4a) nicht n\u00e4her bezeichnete sind, nutzen die Anzeigen schaltenden Unternehmen m\u00f6glicherweise Informationen (dies schlie\u00dft nicht Ihren Namen, Ihre Adresse, E-Mail-Adresse oder Telefonnummer ein) zu Ihren Besuchen dieser und anderer Websites, damit Anzeigen zu Produkten und Diensten geschaltet werden k\u00f6nnen, die Sie interessieren.<\/span><\/p>\n<p><span style=\"color: #ffffff;\">d) Sonstiges<\/span><\/p>\n<p><span style=\"color: #ffffff;\">Es wird darauf hingewiesen, dass hinsichtlich der Daten\u00fcbertragung \u00fcber das Internet (z.B. bei der Kommunikation per E-Mail) keine sichere \u00dcbertragung gew\u00e4hrleistet ist. Empfindliche Daten sollten daher entweder gar nicht oder nur \u00fcber eine sichere Verbindung (SSL) \u00fcbertragen werden, welche Wir ihnen zur Verf\u00fcgung stellen.<\/span><\/p>\n","protected":false},"excerpt":{"rendered":"<p>Datenschutzerkl\u00e4rung Neben der Kunst liegt mir der Schutz Ihrer pers\u00f6nlichen Daten ebenfalls sehr am Herzen. Selbstverst\u00e4ndlich beachte ich die gesetzlichen Bestimmungen des Datenschutzgesetzes (BDSG) und anderer datenschutzrechtlicher Bestimmungen. Bei Ihren<\/p>\n<p class=\"more-link\"><a href=\"https:\/\/herr-aermel.de\/?page_id=49\" class=\"readmore\">Continue reading&#8230;<span class=\"screen-reader-text\">Datenschutz<\/span><\/a><\/p>\n","protected":false},"author":1,"featured_media":0,"parent":0,"menu_order":0,"comment_status":"closed","ping_status":"closed","template":"","meta":{"footnotes":""},"class_list":["post-49","page","type-page","status-publish","hentry"],"yoast_head":"<!-- This site is optimized with the Yoast SEO plugin v21.5 - https:\/\/yoast.com\/wordpress\/plugins\/seo\/ -->\n<title>Datenschutz - herr \u00e4rmel<\/title>\n<meta name=\"robots\" content=\"index, follow, max-snippet:-1, max-image-preview:large, max-video-preview:-1\" \/>\n<link rel=\"canonical\" href=\"https:\/\/herr-aermel.de\/?page_id=49\" \/>\n<meta property=\"og:locale\" content=\"de_DE\" \/>\n<meta property=\"og:type\" content=\"article\" \/>\n<meta property=\"og:title\" content=\"Datenschutz - herr \u00e4rmel\" \/>\n<meta property=\"og:description\" content=\"Datenschutzerkl\u00e4rung Neben der Kunst liegt mir der Schutz Ihrer pers\u00f6nlichen Daten ebenfalls sehr am Herzen. Selbstverst\u00e4ndlich beachte ich die gesetzlichen Bestimmungen des Datenschutzgesetzes (BDSG) und anderer datenschutzrechtlicher Bestimmungen. Bei IhrenContinue reading...Datenschutz\" \/>\n<meta property=\"og:url\" content=\"https:\/\/herr-aermel.de\/?page_id=49\" \/>\n<meta property=\"og:site_name\" content=\"herr \u00e4rmel\" \/>\n<meta property=\"article:publisher\" content=\"https:\/\/www.facebook.com\/ragnar.gischas\" \/>\n<meta property=\"article:modified_time\" content=\"2023-08-05T12:15:31+00:00\" \/>\n<meta name=\"twitter:card\" content=\"summary_large_image\" \/>\n<meta name=\"twitter:label1\" content=\"Gesch\u00e4tzte Lesezeit\" \/>\n\t<meta name=\"twitter:data1\" content=\"4\u00a0Minuten\" \/>\n<script type=\"application\/ld+json\" class=\"yoast-schema-graph\">{\"@context\":\"https:\/\/schema.org\",\"@graph\":[{\"@type\":\"WebPage\",\"@id\":\"https:\/\/herr-aermel.de\/?page_id=49\",\"url\":\"https:\/\/herr-aermel.de\/?page_id=49\",\"name\":\"Datenschutz - herr \u00e4rmel\",\"isPartOf\":{\"@id\":\"https:\/\/herr-aermel.de\/#website\"},\"datePublished\":\"2023-08-03T14:11:31+00:00\",\"dateModified\":\"2023-08-05T12:15:31+00:00\",\"breadcrumb\":{\"@id\":\"https:\/\/herr-aermel.de\/?page_id=49#breadcrumb\"},\"inLanguage\":\"de\",\"potentialAction\":[{\"@type\":\"ReadAction\",\"target\":[\"https:\/\/herr-aermel.de\/?page_id=49\"]}]},{\"@type\":\"BreadcrumbList\",\"@id\":\"https:\/\/herr-aermel.de\/?page_id=49#breadcrumb\",\"itemListElement\":[{\"@type\":\"ListItem\",\"position\":1,\"name\":\"Home\",\"item\":\"http:\/\/herr-aermel.de\/\"},{\"@type\":\"ListItem\",\"position\":2,\"name\":\"Datenschutz\"}]},{\"@type\":\"WebSite\",\"@id\":\"https:\/\/herr-aermel.de\/#website\",\"url\":\"https:\/\/herr-aermel.de\/\",\"name\":\"herr \u00e4rmel\",\"description\":\"atelier f\u00fcr fotografie und mehr...\",\"publisher\":{\"@id\":\"https:\/\/herr-aermel.de\/#organization\"},\"potentialAction\":[{\"@type\":\"SearchAction\",\"target\":{\"@type\":\"EntryPoint\",\"urlTemplate\":\"https:\/\/herr-aermel.de\/?s={search_term_string}\"},\"query-input\":\"required name=search_term_string\"}],\"inLanguage\":\"de\"},{\"@type\":\"Organization\",\"@id\":\"https:\/\/herr-aermel.de\/#organization\",\"name\":\"herr \u00e4rmel\",\"url\":\"https:\/\/herr-aermel.de\/\",\"logo\":{\"@type\":\"ImageObject\",\"inLanguage\":\"de\",\"@id\":\"https:\/\/herr-aermel.de\/#\/schema\/logo\/image\/\",\"url\":\"https:\/\/herr-aermel.de\/wp-content\/uploads\/2023\/11\/logo_aermel_2.jpg\",\"contentUrl\":\"https:\/\/herr-aermel.de\/wp-content\/uploads\/2023\/11\/logo_aermel_2.jpg\",\"width\":150,\"height\":150,\"caption\":\"herr \u00e4rmel\"},\"image\":{\"@id\":\"https:\/\/herr-aermel.de\/#\/schema\/logo\/image\/\"},\"sameAs\":[\"https:\/\/www.facebook.com\/ragnar.gischas\",\"https:\/\/www.instagram.com\/ragnargischas\/\"]}]}<\/script>\n<!-- \/ Yoast SEO plugin. -->","yoast_head_json":{"title":"Datenschutz - herr \u00e4rmel","robots":{"index":"index","follow":"follow","max-snippet":"max-snippet:-1","max-image-preview":"max-image-preview:large","max-video-preview":"max-video-preview:-1"},"canonical":"https:\/\/herr-aermel.de\/?page_id=49","og_locale":"de_DE","og_type":"article","og_title":"Datenschutz - herr \u00e4rmel","og_description":"Datenschutzerkl\u00e4rung Neben der Kunst liegt mir der Schutz Ihrer pers\u00f6nlichen Daten ebenfalls sehr am Herzen. Selbstverst\u00e4ndlich beachte ich die gesetzlichen Bestimmungen des Datenschutzgesetzes (BDSG) und anderer datenschutzrechtlicher Bestimmungen. Bei IhrenContinue reading...Datenschutz","og_url":"https:\/\/herr-aermel.de\/?page_id=49","og_site_name":"herr \u00e4rmel","article_publisher":"https:\/\/www.facebook.com\/ragnar.gischas","article_modified_time":"2023-08-05T12:15:31+00:00","twitter_card":"summary_large_image","twitter_misc":{"Gesch\u00e4tzte Lesezeit":"4\u00a0Minuten"},"schema":{"@context":"https:\/\/schema.org","@graph":[{"@type":"WebPage","@id":"https:\/\/herr-aermel.de\/?page_id=49","url":"https:\/\/herr-aermel.de\/?page_id=49","name":"Datenschutz - herr \u00e4rmel","isPartOf":{"@id":"https:\/\/herr-aermel.de\/#website"},"datePublished":"2023-08-03T14:11:31+00:00","dateModified":"2023-08-05T12:15:31+00:00","breadcrumb":{"@id":"https:\/\/herr-aermel.de\/?page_id=49#breadcrumb"},"inLanguage":"de","potentialAction":[{"@type":"ReadAction","target":["https:\/\/herr-aermel.de\/?page_id=49"]}]},{"@type":"BreadcrumbList","@id":"https:\/\/herr-aermel.de\/?page_id=49#breadcrumb","itemListElement":[{"@type":"ListItem","position":1,"name":"Home","item":"http:\/\/herr-aermel.de\/"},{"@type":"ListItem","position":2,"name":"Datenschutz"}]},{"@type":"WebSite","@id":"https:\/\/herr-aermel.de\/#website","url":"https:\/\/herr-aermel.de\/","name":"herr \u00e4rmel","description":"atelier f\u00fcr fotografie und mehr...","publisher":{"@id":"https:\/\/herr-aermel.de\/#organization"},"potentialAction":[{"@type":"SearchAction","target":{"@type":"EntryPoint","urlTemplate":"https:\/\/herr-aermel.de\/?s={search_term_string}"},"query-input":"required name=search_term_string"}],"inLanguage":"de"},{"@type":"Organization","@id":"https:\/\/herr-aermel.de\/#organization","name":"herr \u00e4rmel","url":"https:\/\/herr-aermel.de\/","logo":{"@type":"ImageObject","inLanguage":"de","@id":"https:\/\/herr-aermel.de\/#\/schema\/logo\/image\/","url":"https:\/\/herr-aermel.de\/wp-content\/uploads\/2023\/11\/logo_aermel_2.jpg","contentUrl":"https:\/\/herr-aermel.de\/wp-content\/uploads\/2023\/11\/logo_aermel_2.jpg","width":150,"height":150,"caption":"herr \u00e4rmel"},"image":{"@id":"https:\/\/herr-aermel.de\/#\/schema\/logo\/image\/"},"sameAs":["https:\/\/www.facebook.com\/ragnar.gischas","https:\/\/www.instagram.com\/ragnargischas\/"]}]}},"_links":{"self":[{"href":"https:\/\/herr-aermel.de\/index.php?rest_route=\/wp\/v2\/pages\/49","targetHints":{"allow":["GET"]}}],"collection":[{"href":"https:\/\/herr-aermel.de\/index.php?rest_route=\/wp\/v2\/pages"}],"about":[{"href":"https:\/\/herr-aermel.de\/index.php?rest_route=\/wp\/v2\/types\/page"}],"author":[{"embeddable":true,"href":"https:\/\/herr-aermel.de\/index.php?rest_route=\/wp\/v2\/users\/1"}],"replies":[{"embeddable":true,"href":"https:\/\/herr-aermel.de\/index.php?rest_route=%2Fwp%2Fv2%2Fcomments&post=49"}],"version-history":[{"count":2,"href":"https:\/\/herr-aermel.de\/index.php?rest_route=\/wp\/v2\/pages\/49\/revisions"}],"predecessor-version":[{"id":139,"href":"https:\/\/herr-aermel.de\/index.php?rest_route=\/wp\/v2\/pages\/49\/revisions\/139"}],"wp:attachment":[{"href":"https:\/\/herr-aermel.de\/index.php?rest_route=%2Fwp%2Fv2%2Fmedia&parent=49"}],"curies":[{"name":"wp","href":"https:\/\/api.w.org\/{rel}","templated":true}]}}